{"id":574,"date":"2025-05-26T17:59:50","date_gmt":"2025-05-26T15:59:50","guid":{"rendered":"https:\/\/blackmamba564.cz\/?post_type=product&#038;p=574"},"modified":"2025-05-26T19:50:48","modified_gmt":"2025-05-26T17:50:48","slug":"semi-slick-tri-ace-formula-r1","status":"publish","type":"product","link":"https:\/\/blackmamba564.cz\/en\/product\/semi-slick-tri-ace-formula-r1\/","title":{"rendered":"Semi slick Tri Ace  Formula R1"},"content":{"rendered":"<p>Semi slick ur\u010deny na mokro, ale i sucho. Velmi vhodn\u00e9 pro z\u00e1vody do vrchu, okruhy a jin\u00e9 motoristick\u00e9 sporty. Pro v\u00edce informac\u00ed, nev\u00e1hejte volat.<\/p>\n<p><strong>Dostupn\u00e9 rozm\u011bry a tvrdost:<\/strong><\/p>\n<p>265\/35 R18 Treadwear AAA 160<\/p>\n<p>265\/35 R18 Treadwear AAA 100<\/p>\n<p>285\/35R18 Treadwear AAA 160<\/p>\n<p>285\/35R18 Treadwear AAA 200<\/p>","protected":false},"excerpt":{"rendered":"<p>Semi slick ur\u010deny na mokro, ale i sucho. Velmi vhodn\u00e9 pro z\u00e1vody do vrchu, okruhy a jin\u00e9 motoristick\u00e9 sporty. Pro v\u00edce informac\u00ed, nev\u00e1hejte volat.<\/p>\n<p><strong>Dostupn\u00e9 rozm\u011bry a tvrdost:<\/strong><\/p>\n<ul>\n<li>265\/35 R18 Treadwear AAA 160<\/li>\n<li>265\/35 R18 Treadwear AAA 100<\/li>\n<li>285\/35R18 Treadwear AAA 160<\/li>\n<li>285\/35R18 Treadwear AAA 200<\/li>\n<\/ul>","protected":false},"featured_media":639,"comment_status":"open","ping_status":"closed","template":"","meta":{"site-sidebar-layout":"default","site-content-layout":"","ast-site-content-layout":"default","site-content-style":"default","site-sidebar-style":"default","ast-global-header-display":"","ast-banner-title-visibility":"","ast-main-header-display":"","ast-hfb-above-header-display":"","ast-hfb-below-header-display":"","ast-hfb-mobile-header-display":"","site-post-title":"","ast-breadcrumbs-content":"","ast-featured-img":"","footer-sml-layout":"","theme-transparent-header-meta":"default","adv-header-id-meta":"","stick-header-meta":"","header-above-stick-meta":"","header-main-stick-meta":"","header-below-stick-meta":"","astra-migrate-meta-layouts":"set","ast-page-background-enabled":"default","ast-page-background-meta":{"desktop":{"background-color":"var(--ast-global-color-5)","background-image":"","background-repeat":"repeat","background-position":"center center","background-size":"auto","background-attachment":"scroll","background-type":"","background-media":"","overlay-type":"","overlay-color":"","overlay-opacity":"","overlay-gradient":""},"tablet":{"background-color":"","background-image":"","background-repeat":"repeat","background-position":"center center","background-size":"auto","background-attachment":"scroll","background-type":"","background-media":"","overlay-type":"","overlay-color":"","overlay-opacity":"","overlay-gradient":""},"mobile":{"background-color":"","background-image":"","background-repeat":"repeat","background-position":"center center","background-size":"auto","background-attachment":"scroll","background-type":"","background-media":"","overlay-type":"","overlay-color":"","overlay-opacity":"","overlay-gradient":""}},"ast-content-background-meta":{"desktop":{"background-color":"var(--ast-global-color-4)","background-image":"","background-repeat":"repeat","background-position":"center center","background-size":"auto","background-attachment":"scroll","background-type":"","background-media":"","overlay-type":"","overlay-color":"","overlay-opacity":"","overlay-gradient":""},"tablet":{"background-color":"var(--ast-global-color-4)","background-image":"","background-repeat":"repeat","background-position":"center center","background-size":"auto","background-attachment":"scroll","background-type":"","background-media":"","overlay-type":"","overlay-color":"","overlay-opacity":"","overlay-gradient":""},"mobile":{"background-color":"var(--ast-global-color-4)","background-image":"","background-repeat":"repeat","background-position":"center center","background-size":"auto","background-attachment":"scroll","background-type":"","background-media":"","overlay-type":"","overlay-color":"","overlay-opacity":"","overlay-gradient":""}}},"product_brand":[],"product_cat":[27],"product_tag":[],"class_list":{"0":"post-574","1":"product","2":"type-product","3":"status-publish","4":"has-post-thumbnail","6":"product_cat-pneu","7":"desktop-align-left","8":"tablet-align-left","9":"mobile-align-left","10":"ast-product-gallery-layout-horizontal-slider","11":"ast-product-tabs-layout-horizontal","13":"first","14":"onbackorder","15":"shipping-taxable","16":"product-type-simple"},"_links":{"self":[{"href":"https:\/\/blackmamba564.cz\/en\/wp-json\/wp\/v2\/product\/574","targetHints":{"allow":["GET"]}}],"collection":[{"href":"https:\/\/blackmamba564.cz\/en\/wp-json\/wp\/v2\/product"}],"about":[{"href":"https:\/\/blackmamba564.cz\/en\/wp-json\/wp\/v2\/types\/product"}],"replies":[{"embeddable":true,"href":"https:\/\/blackmamba564.cz\/en\/wp-json\/wp\/v2\/comments?post=574"}],"wp:featuredmedia":[{"embeddable":true,"href":"https:\/\/blackmamba564.cz\/en\/wp-json\/wp\/v2\/media\/639"}],"wp:attachment":[{"href":"https:\/\/blackmamba564.cz\/en\/wp-json\/wp\/v2\/media?parent=574"}],"wp:term":[{"taxonomy":"product_brand","embeddable":true,"href":"https:\/\/blackmamba564.cz\/en\/wp-json\/wp\/v2\/product_brand?post=574"},{"taxonomy":"product_cat","embeddable":true,"href":"https:\/\/blackmamba564.cz\/en\/wp-json\/wp\/v2\/product_cat?post=574"},{"taxonomy":"product_tag","embeddable":true,"href":"https:\/\/blackmamba564.cz\/en\/wp-json\/wp\/v2\/product_tag?post=574"}],"curies":[{"name":"wp","href":"https:\/\/api.w.org\/{rel}","templated":true}]}}